{"id":235,"date":"2018-09-11T14:46:42","date_gmt":"2018-09-11T14:46:42","guid":{"rendered":"http:\/\/maori.egemenerd.com\/?page_id=178"},"modified":"2023-12-09T17:25:42","modified_gmt":"2023-12-09T14:25:42","slug":"about-us","status":"publish","type":"page","link":"https:\/\/dusiacar.com\/index.php\/about-us\/","title":{"rendered":"Apie D\u016bsia"},"content":{"rendered":"<div id=\"pl-235\"  class=\"panel-layout\" ><div id=\"pg-235-0\"  class=\"panel-grid panel-has-style\" ><div class=\"maori-page-box maori-add-shadow panel-row-style panel-row-style-for-235-0\" ><div id=\"pgc-235-0-0\"  class=\"panel-grid-cell\" ><div id=\"panel-235-0-0-0\" class=\"so-panel widget widget_sow-editor panel-first-child panel-last-child\" data-index=\"0\" ><div\n\t\t\t\n\t\t\tclass=\"so-widget-sow-editor so-widget-sow-editor-base\"\n\t\t\t\n\t\t>\n<div class=\"siteorigin-widget-tinymce textwidget\">\n\t<p>\u017dmogus buv\u0119s ant mirties slenks\u010dio, vertinantis kiekvien\u0105 sekund\u0119 ir skiriantis savo energij\u0105 jam brangiausiam dalykui - MENUI, Kurybai.<\/p>\n<p>Ver\u017eli atkakli, nepasiduodanti, KOVINGA asmenyb\u0117 Talentingas mechanikos in\u017einierius, tapytojas su ribotomis sveikatos galimyb\u0117mis.<\/p>\n<p>Prie\u0161 15 met\u0173 buvo paskelbta diagnoz\u0117 ir tikimyb\u0117 gyventi tik 6 metus, bet jis NEPAISANT TO NEPASIDUODA.<\/p>\n<p>Vienas jo \u017eymiausi\u0173 k\u016brini\u0173 tai \u201cBlack Magic\u201d. K\u016brinys u\u017e\u0117m\u0119s garbing\u0105 antr\u0105j\u0105 viet\u0105 \u012fmon\u0117s \u201cEoltas\u201d gimtadienio parodoje, \u201cGra\u017eiausias Automobilis\u201d nominacijoje.<\/p>\n<\/div>\n<\/div><\/div><\/div><div id=\"pgc-235-0-1\"  class=\"panel-grid-cell\" ><div id=\"panel-235-0-1-0\" class=\"so-panel widget widget_media_image panel-first-child panel-last-child\" data-index=\"1\" ><img width=\"1080\" height=\"1345\" src=\"https:\/\/dusiacar.com\/wp-content\/uploads\/2018\/09\/FB_IMG_1682314505901.jpg\" class=\"image wp-image-269  attachment-full size-full\" alt=\"\" decoding=\"async\" style=\"max-width: 100%; height: auto;\" \/><\/div><\/div><\/div><\/div><div id=\"pg-235-1\"  class=\"panel-grid panel-no-style\" ><div id=\"pgc-235-1-0\"  class=\"panel-grid-cell\" ><div id=\"panel-235-1-0-0\" class=\"so-panel widget widget_maori-posts panel-first-child panel-last-child\" data-index=\"2\" ><div\n\t\t\t\n\t\t\tclass=\"so-widget-maori-posts so-widget-maori-posts-base\"\n\t\t\t\n\t\t>\n<div class=\"maori-page-title maori-posts-widget-title\">\n    <h3>Projektai<\/h3>\n<\/div>\n    \n<div class=\"maori-masonry-grid small-masonry\">\n    <div class=\"maori-three-columns\" data-columns>    \n        \n<div class=\"post-93 maoriartists type-maoriartists status-publish has-post-thumbnail hentry maoriartistscats-menininkas\">\n    <div class=\"card-masonry card-small\">\n    <div class=\"card\">\n            <a class=\"maori-animated-img\" href=\"https:\/\/dusiacar.com\/index.php\/artists\/dusia\/\">\n        <img src=\"https:\/\/dusiacar.com\/wp-content\/uploads\/2018\/09\/sdv.jpg\" alt=\"D\u016bsia Car Project\" \/>   \n    <\/a>    \n            <div class=\"card-body\"> \n             \n            <div class=\"card-category\">\n                <span>Rakomis sukurtas automobilis<\/span>\n            <\/div> \n                        <h5 class=\"card-title no-shadow\"><a href=\"https:\/\/dusiacar.com\/index.php\/artists\/dusia\/\">D\u016bsia Car Project<\/a><\/h5>\n        <\/div>\n    <\/div> \n<\/div>\n<\/div>    <\/div>\n<\/div>    \n    <\/div><\/div><\/div><\/div><\/div>","protected":false},"excerpt":{"rendered":"<p>&#8222;D\u016bsia&#8221; automobilio projektas Menininkas Aidas \u0161\u012f automobil\u012f dar\u0117 specialiai sau. Pavadinimas \u201cD\u016bsia\u201d tod\u0117l, nes j\u012f kiemo draugai vaikyst\u0117je \u0161aukdavo \u201cAid\u016bsia\u201d. Aidas paaug\u0119s ir atrad\u0119s meno gyslel\u0119 sutrumpino \u0161i\u0105 pravard\u0119 ir paliko tik \u201cD\u016bsia\u201d. V\u0117liau tai tapo jo pseudonimu, kadangi tai yra Labai artima menininko sielai. VIZIJA \u201cPADARYTI AUTOMOBIL\u012e I\u0160 SAVO FANTAZIJOS, VIENINTEL\u012e EGZEMPLIORI\u0172.\u201d TAI NE&#8230;<\/p>\n","protected":false},"author":1,"featured_media":0,"parent":0,"menu_order":0,"comment_status":"closed","ping_status":"closed","template":"","meta":{"om_disable_all_campaigns":false,"_monsterinsights_skip_tracking":false,"_monsterinsights_sitenote_active":false,"_monsterinsights_sitenote_note":"","_monsterinsights_sitenote_category":0,"footnotes":""},"aioseo_notices":[],"_links":{"self":[{"href":"https:\/\/dusiacar.com\/index.php\/wp-json\/wp\/v2\/pages\/235"}],"collection":[{"href":"https:\/\/dusiacar.com\/index.php\/wp-json\/wp\/v2\/pages"}],"about":[{"href":"https:\/\/dusiacar.com\/index.php\/wp-json\/wp\/v2\/types\/page"}],"author":[{"embeddable":true,"href":"https:\/\/dusiacar.com\/index.php\/wp-json\/wp\/v2\/users\/1"}],"replies":[{"embeddable":true,"href":"https:\/\/dusiacar.com\/index.php\/wp-json\/wp\/v2\/comments?post=235"}],"version-history":[{"count":7,"href":"https:\/\/dusiacar.com\/index.php\/wp-json\/wp\/v2\/pages\/235\/revisions"}],"predecessor-version":[{"id":670,"href":"https:\/\/dusiacar.com\/index.php\/wp-json\/wp\/v2\/pages\/235\/revisions\/670"}],"wp:attachment":[{"href":"https:\/\/dusiacar.com\/index.php\/wp-json\/wp\/v2\/media?parent=235"}],"curies":[{"name":"wp","href":"https:\/\/api.w.org\/{rel}","templated":true}]}}